{"id":26,"date":"2025-12-29T00:26:31","date_gmt":"2025-12-29T00:26:31","guid":{"rendered":"https:\/\/www.ivanmteletrica.com.br\/?page_id=26"},"modified":"2026-01-05T00:24:44","modified_gmt":"2026-01-05T00:24:44","slug":"sobre-nos","status":"publish","type":"page","link":"https:\/\/www.ivanmteletrica.com.br\/","title":{"rendered":"Sobre Nos"},"content":{"rendered":"\n<blockquote class=\"wp-block-quote is-layout-flow wp-block-quote-is-layout-flow\">\n<p>Respons\u00e1vel T\u00e9cnico: Ivan Matheus de Jesus Soares Lima Fran\u00e7a \u2013 Registro CFT\/CRT n.\u00ba 131.847946-01.<\/p>\n<\/blockquote>\n\n\n\n<div class=\"wp-block-columns are-vertically-aligned-center is-layout-flex wp-container-core-columns-is-layout-9d6595d7 wp-block-columns-is-layout-flex\">\n<div class=\"wp-block-column is-layout-flow wp-block-column-is-layout-flow\" style=\"flex-basis:49.99%\"><\/div>\n<\/div>\n\n\n\n<h2 class=\"wp-block-heading\" style=\"font-size:38px;line-height:1.4\"><strong>Especialidade e Rigor T\u00e9cnico em Eletricidade<\/strong><\/h2>\n\n\n\n<div class=\"wp-block-columns is-layout-flex wp-container-core-columns-is-layout-9d6595d7 wp-block-columns-is-layout-flex\">\n<div class=\"wp-block-column is-layout-flow wp-block-column-is-layout-flow\">\n<p style=\"font-size:18px\"><\/p>\n\n\n\n<p class=\"has-black-color has-text-color has-link-color wp-elements-24a0aab58eb400376ab4d5aabf7e0770\">Seja bem-vindo. Combinamos a experi\u00eancia pr\u00e1tica do ch\u00e3o de f\u00e1brica com o rigor anal\u00edtico da per\u00edcia t\u00e9cnica para oferecer solu\u00e7\u00f5es el\u00e9tricas seguras, eficientes e dentro das normas vigentes.<\/p>\n\n\n\n<p><strong><mark style=\"background-color:#ff6900\" class=\"has-inline-color has-black-color\">Quem Somos<\/mark><\/strong><\/p>\n\n\n\n<p class=\"has-black-color has-text-color has-link-color wp-elements-c9afa796fcff8a0f312924f36ab7912d\">Sob a lideran\u00e7a de um profissional com dupla forma\u00e7\u00e3o \u2014 <strong><mark style=\"background-color:#8ed1fc\" class=\"has-inline-color\">T\u00e9cnico em Eletrot\u00e9cnica e Perito Judicial<\/mark><\/strong> \u2014 nossa atua\u00e7\u00e3o vai al\u00e9m da execu\u00e7\u00e3o convencional. Entendemos a eletricidade n\u00e3o apenas como uma utilidade, mas como um sistema complexo que exige precis\u00e3o absoluta e conformidade legal.<\/p>\n\n\n\n<p><strong><mark style=\"background-color:#ff6900\" class=\"has-inline-color has-black-color\">O Que Nos Diferencia<\/mark><\/strong><\/p>\n\n\n\n<p class=\"has-black-color has-text-color has-link-color wp-elements-4c53183458421ba1c966adda955c2de5\" style=\"font-size:18px\"><strong><mark style=\"background-color:#ff6900\" class=\"has-inline-color has-black-color\">Experi\u00eancia Multidisciplinar: <\/mark><\/strong>Atuamos desde projetos e manuten\u00e7\u00f5es el\u00e9tricas residenciais e industriais at\u00e9 a elabora\u00e7\u00e3o de laudos periciais e assist\u00eancia t\u00e9cnica judicial.<\/p>\n\n\n\n<p class=\"has-black-color has-text-color has-link-color wp-elements-5d1e06d658762c47a05a9e9d5aea6ffb\"><strong><mark style=\"background-color:#ff6900\" class=\"has-inline-color has-black-color\">Vis\u00e3o T\u00e9cnica de Perito:<\/mark><\/strong> Aplicamos o olhar cr\u00edtico da per\u00edcia em cada instala\u00e7\u00e3o ou manuten\u00e7\u00e3o, identificando riscos ocultos e prevenindo falhas futuras.<\/p>\n\n\n\n<p class=\"has-black-color has-text-color has-link-color wp-elements-fc51c51d9f0eb7b2521ce8a75f91ea2a\"><strong><mark style=\"background-color:#ff6900\" class=\"has-inline-color has-black-color\">Conformidade Normativa:<\/mark><\/strong> Todos os nossos servi\u00e7os s\u00e3o pautados rigorosamente pelas normas da ABNT (como a NBR 5410 e NBR 14039), garantindo seguran\u00e7a jur\u00eddica e operacional para nossos clientes.<\/p>\n\n\n\n<p><\/p>\n<\/div>\n\n\n\n<div class=\"wp-block-column is-layout-flow wp-block-column-is-layout-flow\">\n<p style=\"font-size:18px\"><strong><mark style=\"background-color:#ff6900\" class=\"has-inline-color has-black-color\">Nossos Compromissos<\/mark><\/strong><\/p>\n\n\n\n<p class=\"has-black-color has-text-color has-link-color wp-elements-c9fbd5083585bf3072c00bcd74dd51b9\" style=\"font-size:18px\">Nosso objetivo \u00e9 entregar tranquilidade. Seja na resolu\u00e7\u00e3o de um problema el\u00e9trico complexo ou na elabora\u00e7\u00e3o de um laudo t\u00e9cnico, voc\u00ea ter\u00e1 a garantia de um trabalho executado com \u00e9tica, transpar\u00eancia e alto n\u00edvel de especializa\u00e7\u00e3o.<\/p>\n\n\n\n<p><\/p>\n<\/div>\n<\/div>\n\n\n\n<p><\/p>\n","protected":false},"excerpt":{"rendered":"<p>Respons\u00e1vel T\u00e9cnico: Ivan Matheus de Jesus Soares Lima Fran\u00e7a \u2013 Registro CFT\/CRT n.\u00ba 131.847946-01. Especialidade e Rigor T\u00e9cnico em Eletricidade Seja bem-vindo. Combinamos a experi\u00eancia pr\u00e1tica do ch\u00e3o de f\u00e1brica com o rigor anal\u00edtico da per\u00edcia t\u00e9cnica para oferecer solu\u00e7\u00f5es el\u00e9tricas seguras, eficientes e dentro das normas vigentes. Quem Somos Sob a lideran\u00e7a de um [&hellip;]<\/p>\n","protected":false},"author":1,"featured_media":0,"parent":0,"menu_order":0,"comment_status":"closed","ping_status":"closed","template":"","meta":{"ocean_post_layout":"full-width","ocean_both_sidebars_style":"","ocean_both_sidebars_content_width":0,"ocean_both_sidebars_sidebars_width":0,"ocean_sidebar":"","ocean_second_sidebar":"","ocean_disable_margins":"on","ocean_add_body_class":"","ocean_shortcode_before_top_bar":"","ocean_shortcode_after_top_bar":"","ocean_shortcode_before_header":"","ocean_shortcode_after_header":"","ocean_has_shortcode":"","ocean_shortcode_after_title":"","ocean_shortcode_before_footer_widgets":"","ocean_shortcode_after_footer_widgets":"","ocean_shortcode_before_footer_bottom":"","ocean_shortcode_after_footer_bottom":"","ocean_display_top_bar":"default","ocean_display_header":"default","ocean_header_style":"","ocean_center_header_left_menu":"","ocean_custom_header_template":"","ocean_custom_logo":0,"ocean_custom_retina_logo":0,"ocean_custom_logo_max_width":0,"ocean_custom_logo_tablet_max_width":0,"ocean_custom_logo_mobile_max_width":0,"ocean_custom_logo_max_height":0,"ocean_custom_logo_tablet_max_height":0,"ocean_custom_logo_mobile_max_height":0,"ocean_header_custom_menu":"","ocean_menu_typo_font_family":"","ocean_menu_typo_font_subset":"","ocean_menu_typo_font_size":0,"ocean_menu_typo_font_size_tablet":0,"ocean_menu_typo_font_size_mobile":0,"ocean_menu_typo_font_size_unit":"px","ocean_menu_typo_font_weight":"","ocean_menu_typo_font_weight_tablet":"","ocean_menu_typo_font_weight_mobile":"","ocean_menu_typo_transform":"","ocean_menu_typo_transform_tablet":"","ocean_menu_typo_transform_mobile":"","ocean_menu_typo_line_height":0,"ocean_menu_typo_line_height_tablet":0,"ocean_menu_typo_line_height_mobile":0,"ocean_menu_typo_line_height_unit":"","ocean_menu_typo_spacing":0,"ocean_menu_typo_spacing_tablet":0,"ocean_menu_typo_spacing_mobile":0,"ocean_menu_typo_spacing_unit":"","ocean_menu_link_color":"","ocean_menu_link_color_hover":"","ocean_menu_link_color_active":"","ocean_menu_link_background":"","ocean_menu_link_hover_background":"","ocean_menu_link_active_background":"","ocean_menu_social_links_bg":"","ocean_menu_social_hover_links_bg":"","ocean_menu_social_links_color":"","ocean_menu_social_hover_links_color":"","ocean_disable_title":"default","ocean_disable_heading":"default","ocean_post_title":"","ocean_post_subheading":"","ocean_post_title_style":"","ocean_post_title_background_color":"","ocean_post_title_background":0,"ocean_post_title_bg_image_position":"","ocean_post_title_bg_image_attachment":"","ocean_post_title_bg_image_repeat":"","ocean_post_title_bg_image_size":"","ocean_post_title_height":0,"ocean_post_title_bg_overlay":0.5,"ocean_post_title_bg_overlay_color":"","ocean_disable_breadcrumbs":"default","ocean_breadcrumbs_color":"","ocean_breadcrumbs_separator_color":"","ocean_breadcrumbs_links_color":"","ocean_breadcrumbs_links_hover_color":"","ocean_display_footer_widgets":"default","ocean_display_footer_bottom":"default","ocean_custom_footer_template":"","footnotes":""},"class_list":["post-26","page","type-page","status-publish","hentry","entry"],"yoast_head":"<!-- This site is optimized with the Yoast SEO plugin v26.6 - https:\/\/yoast.com\/wordpress\/plugins\/seo\/ -->\n<title>Sobre Nos - IVAN ELETRICISTA<\/title>\n<meta name=\"robots\" content=\"index, follow, max-snippet:-1, max-image-preview:large, max-video-preview:-1\" \/>\n<link rel=\"canonical\" href=\"https:\/\/www.ivanmteletrica.com.br\/\" \/>\n<meta property=\"og:locale\" content=\"pt_BR\" \/>\n<meta property=\"og:type\" content=\"article\" \/>\n<meta property=\"og:title\" content=\"Sobre Nos - IVAN ELETRICISTA\" \/>\n<meta property=\"og:description\" content=\"Respons\u00e1vel T\u00e9cnico: Ivan Matheus de Jesus Soares Lima Fran\u00e7a \u2013 Registro CFT\/CRT n.\u00ba 131.847946-01. Especialidade e Rigor T\u00e9cnico em Eletricidade Seja bem-vindo. Combinamos a experi\u00eancia pr\u00e1tica do ch\u00e3o de f\u00e1brica com o rigor anal\u00edtico da per\u00edcia t\u00e9cnica para oferecer solu\u00e7\u00f5es el\u00e9tricas seguras, eficientes e dentro das normas vigentes. Quem Somos Sob a lideran\u00e7a de um [&hellip;]\" \/>\n<meta property=\"og:url\" content=\"https:\/\/www.ivanmteletrica.com.br\/\" \/>\n<meta property=\"og:site_name\" content=\"IVAN ELETRICISTA\" \/>\n<meta property=\"article:modified_time\" content=\"2026-01-05T00:24:44+00:00\" \/>\n<meta property=\"og:image\" content=\"https:\/\/www.ivanmteletrica.com.br\/wp-content\/uploads\/2025\/12\/cropped-cropped-Gemini_Generated_Image_ighvmbighvmbighv-removebg-preview-1.png\" \/>\n\t<meta property=\"og:image:width\" content=\"512\" \/>\n\t<meta property=\"og:image:height\" content=\"512\" \/>\n\t<meta property=\"og:image:type\" content=\"image\/png\" \/>\n<meta name=\"twitter:card\" content=\"summary_large_image\" \/>\n<meta name=\"twitter:label1\" content=\"Est. tempo de leitura\" \/>\n\t<meta name=\"twitter:data1\" content=\"2 minutos\" \/>\n<script type=\"application\/ld+json\" class=\"yoast-schema-graph\">{\"@context\":\"https:\/\/schema.org\",\"@graph\":[{\"@type\":\"WebPage\",\"@id\":\"https:\/\/www.ivanmteletrica.com.br\/\",\"url\":\"https:\/\/www.ivanmteletrica.com.br\/\",\"name\":\"Sobre Nos - IVAN ELETRICISTA\",\"isPartOf\":{\"@id\":\"https:\/\/www.ivanmteletrica.com.br\/#website\"},\"datePublished\":\"2025-12-29T00:26:31+00:00\",\"dateModified\":\"2026-01-05T00:24:44+00:00\",\"breadcrumb\":{\"@id\":\"https:\/\/www.ivanmteletrica.com.br\/#breadcrumb\"},\"inLanguage\":\"pt-BR\",\"potentialAction\":[{\"@type\":\"ReadAction\",\"target\":[\"https:\/\/www.ivanmteletrica.com.br\/\"]}]},{\"@type\":\"BreadcrumbList\",\"@id\":\"https:\/\/www.ivanmteletrica.com.br\/#breadcrumb\",\"itemListElement\":[{\"@type\":\"ListItem\",\"position\":1,\"name\":\"In\u00edcio\",\"item\":\"https:\/\/www.ivanmteletrica.com.br\/\"},{\"@type\":\"ListItem\",\"position\":2,\"name\":\"Sobre Nos\"}]},{\"@type\":\"WebSite\",\"@id\":\"https:\/\/www.ivanmteletrica.com.br\/#website\",\"url\":\"https:\/\/www.ivanmteletrica.com.br\/\",\"name\":\"IVAN ELETRICISTA\",\"description\":\"Solu\u00e7\u00f5es El\u00e9tricas\",\"publisher\":{\"@id\":\"https:\/\/www.ivanmteletrica.com.br\/#\/schema\/person\/dd302b5571d1720ec7850b780fa45fd1\"},\"alternateName\":\"Ivan Mt el\u00e9trica\",\"potentialAction\":[{\"@type\":\"SearchAction\",\"target\":{\"@type\":\"EntryPoint\",\"urlTemplate\":\"https:\/\/www.ivanmteletrica.com.br\/?s={search_term_string}\"},\"query-input\":{\"@type\":\"PropertyValueSpecification\",\"valueRequired\":true,\"valueName\":\"search_term_string\"}}],\"inLanguage\":\"pt-BR\"},{\"@type\":[\"Person\",\"Organization\"],\"@id\":\"https:\/\/www.ivanmteletrica.com.br\/#\/schema\/person\/dd302b5571d1720ec7850b780fa45fd1\",\"name\":\"admin\",\"image\":{\"@type\":\"ImageObject\",\"inLanguage\":\"pt-BR\",\"@id\":\"https:\/\/www.ivanmteletrica.com.br\/#\/schema\/person\/image\/\",\"url\":\"https:\/\/www.ivanmteletrica.com.br\/wp-content\/uploads\/2026\/01\/cropped-cropped-Adobe-Express-file.png\",\"contentUrl\":\"https:\/\/www.ivanmteletrica.com.br\/wp-content\/uploads\/2026\/01\/cropped-cropped-Adobe-Express-file.png\",\"width\":383,\"height\":498,\"caption\":\"admin\"},\"logo\":{\"@id\":\"https:\/\/www.ivanmteletrica.com.br\/#\/schema\/person\/image\/\"},\"sameAs\":[\"https:\/\/www.ivanmteletrica.com.br\"]}]}<\/script>\n<!-- \/ Yoast SEO plugin. -->","yoast_head_json":{"title":"Sobre Nos - IVAN ELETRICISTA","robots":{"index":"index","follow":"follow","max-snippet":"max-snippet:-1","max-image-preview":"max-image-preview:large","max-video-preview":"max-video-preview:-1"},"canonical":"https:\/\/www.ivanmteletrica.com.br\/","og_locale":"pt_BR","og_type":"article","og_title":"Sobre Nos - IVAN ELETRICISTA","og_description":"Respons\u00e1vel T\u00e9cnico: Ivan Matheus de Jesus Soares Lima Fran\u00e7a \u2013 Registro CFT\/CRT n.\u00ba 131.847946-01. Especialidade e Rigor T\u00e9cnico em Eletricidade Seja bem-vindo. Combinamos a experi\u00eancia pr\u00e1tica do ch\u00e3o de f\u00e1brica com o rigor anal\u00edtico da per\u00edcia t\u00e9cnica para oferecer solu\u00e7\u00f5es el\u00e9tricas seguras, eficientes e dentro das normas vigentes. Quem Somos Sob a lideran\u00e7a de um [&hellip;]","og_url":"https:\/\/www.ivanmteletrica.com.br\/","og_site_name":"IVAN ELETRICISTA","article_modified_time":"2026-01-05T00:24:44+00:00","og_image":[{"width":512,"height":512,"url":"https:\/\/www.ivanmteletrica.com.br\/wp-content\/uploads\/2025\/12\/cropped-cropped-Gemini_Generated_Image_ighvmbighvmbighv-removebg-preview-1.png","type":"image\/png"}],"twitter_card":"summary_large_image","twitter_misc":{"Est. tempo de leitura":"2 minutos"},"schema":{"@context":"https:\/\/schema.org","@graph":[{"@type":"WebPage","@id":"https:\/\/www.ivanmteletrica.com.br\/","url":"https:\/\/www.ivanmteletrica.com.br\/","name":"Sobre Nos - IVAN ELETRICISTA","isPartOf":{"@id":"https:\/\/www.ivanmteletrica.com.br\/#website"},"datePublished":"2025-12-29T00:26:31+00:00","dateModified":"2026-01-05T00:24:44+00:00","breadcrumb":{"@id":"https:\/\/www.ivanmteletrica.com.br\/#breadcrumb"},"inLanguage":"pt-BR","potentialAction":[{"@type":"ReadAction","target":["https:\/\/www.ivanmteletrica.com.br\/"]}]},{"@type":"BreadcrumbList","@id":"https:\/\/www.ivanmteletrica.com.br\/#breadcrumb","itemListElement":[{"@type":"ListItem","position":1,"name":"In\u00edcio","item":"https:\/\/www.ivanmteletrica.com.br\/"},{"@type":"ListItem","position":2,"name":"Sobre Nos"}]},{"@type":"WebSite","@id":"https:\/\/www.ivanmteletrica.com.br\/#website","url":"https:\/\/www.ivanmteletrica.com.br\/","name":"IVAN ELETRICISTA","description":"Solu\u00e7\u00f5es El\u00e9tricas","publisher":{"@id":"https:\/\/www.ivanmteletrica.com.br\/#\/schema\/person\/dd302b5571d1720ec7850b780fa45fd1"},"alternateName":"Ivan Mt el\u00e9trica","potentialAction":[{"@type":"SearchAction","target":{"@type":"EntryPoint","urlTemplate":"https:\/\/www.ivanmteletrica.com.br\/?s={search_term_string}"},"query-input":{"@type":"PropertyValueSpecification","valueRequired":true,"valueName":"search_term_string"}}],"inLanguage":"pt-BR"},{"@type":["Person","Organization"],"@id":"https:\/\/www.ivanmteletrica.com.br\/#\/schema\/person\/dd302b5571d1720ec7850b780fa45fd1","name":"admin","image":{"@type":"ImageObject","inLanguage":"pt-BR","@id":"https:\/\/www.ivanmteletrica.com.br\/#\/schema\/person\/image\/","url":"https:\/\/www.ivanmteletrica.com.br\/wp-content\/uploads\/2026\/01\/cropped-cropped-Adobe-Express-file.png","contentUrl":"https:\/\/www.ivanmteletrica.com.br\/wp-content\/uploads\/2026\/01\/cropped-cropped-Adobe-Express-file.png","width":383,"height":498,"caption":"admin"},"logo":{"@id":"https:\/\/www.ivanmteletrica.com.br\/#\/schema\/person\/image\/"},"sameAs":["https:\/\/www.ivanmteletrica.com.br"]}]}},"_links":{"self":[{"href":"https:\/\/www.ivanmteletrica.com.br\/index.php?rest_route=\/wp\/v2\/pages\/26","targetHints":{"allow":["GET"]}}],"collection":[{"href":"https:\/\/www.ivanmteletrica.com.br\/index.php?rest_route=\/wp\/v2\/pages"}],"about":[{"href":"https:\/\/www.ivanmteletrica.com.br\/index.php?rest_route=\/wp\/v2\/types\/page"}],"author":[{"embeddable":true,"href":"https:\/\/www.ivanmteletrica.com.br\/index.php?rest_route=\/wp\/v2\/users\/1"}],"replies":[{"embeddable":true,"href":"https:\/\/www.ivanmteletrica.com.br\/index.php?rest_route=%2Fwp%2Fv2%2Fcomments&post=26"}],"version-history":[{"count":13,"href":"https:\/\/www.ivanmteletrica.com.br\/index.php?rest_route=\/wp\/v2\/pages\/26\/revisions"}],"predecessor-version":[{"id":233,"href":"https:\/\/www.ivanmteletrica.com.br\/index.php?rest_route=\/wp\/v2\/pages\/26\/revisions\/233"}],"wp:attachment":[{"href":"https:\/\/www.ivanmteletrica.com.br\/index.php?rest_route=%2Fwp%2Fv2%2Fmedia&parent=26"}],"curies":[{"name":"wp","href":"https:\/\/api.w.org\/{rel}","templated":true}]}}